{"id":1366,"date":"2023-11-15T12:42:42","date_gmt":"2023-11-15T11:42:42","guid":{"rendered":"http:\/\/gtmtrans.opti-net.pl\/?page_id=1366"},"modified":"2024-02-07T13:31:27","modified_gmt":"2024-02-07T12:31:27","slug":"o-nas","status":"publish","type":"page","link":"https:\/\/gtmtrans.eu\/index.php\/o-nas\/","title":{"rendered":"O Nas"},"content":{"rendered":"<style>.kb-row-layout-id1366_471c8c-56 > .kt-row-column-wrap{align-content:start;}:where(.kb-row-layout-id1366_471c8c-56 > .kt-row-column-wrap) > .wp-block-kadence-column{justify-content:start;}.kb-row-layout-id1366_471c8c-56 > .kt-row-column-wrap{column-gap:var(--global-kb-gap-md, 2rem);row-gap:var(--global-kb-gap-md, 2rem);padding-top:var(--global-kb-spacing-sm, 1.5rem);padding-bottom:var(--global-kb-spacing-sm, 1.5rem);grid-template-columns:minmax(0, 1fr);}.kb-row-layout-id1366_471c8c-56{background-image:url('http:\/\/gtmtrans.eu\/wp-content\/uploads\/2023\/11\/ezgif.com-gif-maker.jpg');background-size:cover;background-position:center center;background-attachment:scroll;background-repeat:no-repeat;}.kb-row-layout-id1366_471c8c-56 > .kt-row-layout-overlay{opacity:0.30;}@media all and (max-width: 1024px){.kb-row-layout-id1366_471c8c-56 > .kt-row-column-wrap{grid-template-columns:minmax(0, 1fr);}}@media all and (max-width: 767px){.kb-row-layout-id1366_471c8c-56 > .kt-row-column-wrap{grid-template-columns:minmax(0, 1fr);}}<\/style><div class=\"kb-row-layout-wrap kb-row-layout-id1366_471c8c-56 alignnone kt-row-has-bg wp-block-kadence-rowlayout\"><div class=\"kt-row-column-wrap kt-has-1-columns kt-row-layout-equal kt-tab-layout-inherit kt-mobile-layout-row kt-row-valign-top\">\n<style>.kadence-column1366_1e48a8-59 > .kt-inside-inner-col,.kadence-column1366_1e48a8-59 > .kt-inside-inner-col:before{border-top-left-radius:0px;border-top-right-radius:0px;border-bottom-right-radius:0px;border-bottom-left-radius:0px;}.kadence-column1366_1e48a8-59 > .kt-inside-inner-col{column-gap:var(--global-kb-gap-sm, 1rem);}.kadence-column1366_1e48a8-59 > .kt-inside-inner-col{flex-direction:column;}.kadence-column1366_1e48a8-59 > .kt-inside-inner-col > .aligncenter{width:100%;}.kadence-column1366_1e48a8-59 > .kt-inside-inner-col:before{opacity:0.3;}.kadence-column1366_1e48a8-59{position:relative;}@media all and (max-width: 1024px){.kadence-column1366_1e48a8-59 > .kt-inside-inner-col{flex-direction:column;justify-content:center;}}@media all and (max-width: 767px){.kadence-column1366_1e48a8-59 > .kt-inside-inner-col{flex-direction:column;justify-content:center;}}<\/style>\n<div class=\"wp-block-kadence-column kadence-column1366_1e48a8-59\"><div class=\"kt-inside-inner-col\"><style>.wp-block-kadence-advancedheading.kt-adv-heading1366_f85a8a-54, .wp-block-kadence-advancedheading.kt-adv-heading1366_f85a8a-54[data-kb-block=\"kb-adv-heading1366_f85a8a-54\"]{text-align:center;font-weight:400;font-style:normal;font-family:Montserrat;}.wp-block-kadence-advancedheading.kt-adv-heading1366_f85a8a-54 mark.kt-highlight, .wp-block-kadence-advancedheading.kt-adv-heading1366_f85a8a-54[data-kb-block=\"kb-adv-heading1366_f85a8a-54\"] mark.kt-highlight{font-style:normal;color:#f76a0c;-webkit-box-decoration-break:clone;box-decoration-break:clone;padding-top:0px;padding-right:0px;padding-bottom:0px;padding-left:0px;}.wp-block-kadence-advancedheading.kt-adv-heading1366_f85a8a-54 img.kb-inline-image, .wp-block-kadence-advancedheading.kt-adv-heading1366_f85a8a-54[data-kb-block=\"kb-adv-heading1366_f85a8a-54\"] img.kb-inline-image{width:150px;vertical-align:baseline;}<\/style>\n<h1 class=\"kt-adv-heading1366_f85a8a-54 wp-block-kadence-advancedheading has-theme-palette-9-color has-text-color\" data-kb-block=\"kb-adv-heading1366_f85a8a-54\"><strong>O nas<\/strong><\/h1>\n<\/div><\/div>\n\n<\/div><\/div>\n\n<style>.kb-row-layout-id1366_ff2cbd-ae > .kt-row-column-wrap{align-content:start;}:where(.kb-row-layout-id1366_ff2cbd-ae > .kt-row-column-wrap) > .wp-block-kadence-column{justify-content:start;}.kb-row-layout-id1366_ff2cbd-ae > .kt-row-column-wrap{column-gap:var(--global-kb-gap-md, 2rem);row-gap:var(--global-kb-gap-md, 2rem);padding-top:5%;padding-right:5%;padding-bottom:5%;padding-left:5%;grid-template-columns:minmax(0, 1fr);}.kb-row-layout-id1366_ff2cbd-ae > .kt-row-layout-overlay{opacity:0.30;}@media all and (max-width: 1024px){.kb-row-layout-id1366_ff2cbd-ae > .kt-row-column-wrap{grid-template-columns:minmax(0, 1fr);}}@media all and (max-width: 767px){.kb-row-layout-id1366_ff2cbd-ae > .kt-row-column-wrap{grid-template-columns:minmax(0, 1fr);}}<\/style><div class=\"kb-row-layout-wrap kb-row-layout-id1366_ff2cbd-ae alignnone wp-block-kadence-rowlayout\"><div class=\"kt-row-column-wrap kt-has-1-columns kt-row-layout-equal kt-tab-layout-inherit kt-mobile-layout-row kt-row-valign-top\">\n<style>.kadence-column1366_7ca91d-bb > .kt-inside-inner-col{display:flex;}.kadence-column1366_7ca91d-bb > .kt-inside-inner-col{min-height:539px;}.kadence-column1366_7ca91d-bb > .kt-inside-inner-col,.kadence-column1366_7ca91d-bb > .kt-inside-inner-col:before{border-top-left-radius:0px;border-top-right-radius:0px;border-bottom-right-radius:0px;border-bottom-left-radius:0px;}.kadence-column1366_7ca91d-bb > .kt-inside-inner-col{column-gap:var(--global-kb-gap-sm, 1rem);}.kadence-column1366_7ca91d-bb > .kt-inside-inner-col{flex-direction:column;align-items:center;}.kadence-column1366_7ca91d-bb > .kt-inside-inner-col > .kb-image-is-ratio-size{align-self:stretch;}.kadence-column1366_7ca91d-bb > .kt-inside-inner-col > .wp-block-kadence-advancedgallery{align-self:stretch;}.kadence-column1366_7ca91d-bb > .kt-inside-inner-col > .aligncenter{width:100%;}.kadence-column1366_7ca91d-bb > .kt-inside-inner-col{background-image:url('http:\/\/gtmtrans.eu\/wp-content\/uploads\/2024\/02\/gtm_fotaaa_poprawiona.jpg');background-size:cover;background-position:49% 99%;background-attachment:scroll;background-repeat:no-repeat;}.kadence-column1366_7ca91d-bb > .kt-inside-inner-col:before{opacity:0.3;}.kadence-column1366_7ca91d-bb{position:relative;}.kadence-column1366_7ca91d-bb, .kt-inside-inner-col > .kadence-column1366_7ca91d-bb:not(.specificity){margin-right:10%;margin-left:10%;}@media all and (max-width: 1024px){.kadence-column1366_7ca91d-bb > .kt-inside-inner-col{flex-direction:column;justify-content:center;align-items:center;}}@media all and (max-width: 767px){.kadence-column1366_7ca91d-bb > .kt-inside-inner-col{flex-direction:column;justify-content:center;align-items:center;}}<\/style>\n<div class=\"wp-block-kadence-column kadence-column1366_7ca91d-bb\" data-aos=\"fade-right\" data-aos-duration=\"1500\" data-aos-once=\"true\"><div class=\"kt-inside-inner-col\"><\/div><\/div>\n\n\n<style>.kadence-column1366_b6e4af-1b > .kt-inside-inner-col{padding-right:0%;padding-left:0%;}.kadence-column1366_b6e4af-1b > .kt-inside-inner-col,.kadence-column1366_b6e4af-1b > .kt-inside-inner-col:before{border-top-left-radius:0px;border-top-right-radius:0px;border-bottom-right-radius:0px;border-bottom-left-radius:0px;}.kadence-column1366_b6e4af-1b > .kt-inside-inner-col{column-gap:var(--global-kb-gap-sm, 1rem);}.kadence-column1366_b6e4af-1b > .kt-inside-inner-col{flex-direction:column;}.kadence-column1366_b6e4af-1b > .kt-inside-inner-col > .aligncenter{width:100%;}.kadence-column1366_b6e4af-1b > .kt-inside-inner-col:before{opacity:0.3;}.kadence-column1366_b6e4af-1b{position:relative;}.kadence-column1366_b6e4af-1b, .kt-inside-inner-col > .kadence-column1366_b6e4af-1b:not(.specificity){margin-right:10%;margin-left:10%;}@media all and (max-width: 1024px){.kadence-column1366_b6e4af-1b > .kt-inside-inner-col{flex-direction:column;justify-content:center;}}@media all and (max-width: 767px){.kadence-column1366_b6e4af-1b > .kt-inside-inner-col{flex-direction:column;justify-content:center;}}<\/style>\n<div class=\"wp-block-kadence-column kadence-column1366_b6e4af-1b\" data-aos=\"fade-left\" data-aos-duration=\"1500\" data-aos-once=\"true\"><div class=\"kt-inside-inner-col\"><style>.wp-block-kadence-advancedheading.kt-adv-heading1366_ea7efc-7f, .wp-block-kadence-advancedheading.kt-adv-heading1366_ea7efc-7f[data-kb-block=\"kb-adv-heading1366_ea7efc-7f\"]{font-size:var(--global-kb-font-size-md, 1.25rem);font-style:normal;}.wp-block-kadence-advancedheading.kt-adv-heading1366_ea7efc-7f mark.kt-highlight, .wp-block-kadence-advancedheading.kt-adv-heading1366_ea7efc-7f[data-kb-block=\"kb-adv-heading1366_ea7efc-7f\"] mark.kt-highlight{font-style:normal;color:#f76a0c;-webkit-box-decoration-break:clone;box-decoration-break:clone;padding-top:0px;padding-right:0px;padding-bottom:0px;padding-left:0px;}.wp-block-kadence-advancedheading.kt-adv-heading1366_ea7efc-7f img.kb-inline-image, .wp-block-kadence-advancedheading.kt-adv-heading1366_ea7efc-7f[data-kb-block=\"kb-adv-heading1366_ea7efc-7f\"] img.kb-inline-image{width:150px;vertical-align:baseline;}<\/style>\n<p class=\"kt-adv-heading1366_ea7efc-7f wp-block-kadence-advancedheading\" data-kb-block=\"kb-adv-heading1366_ea7efc-7f\">GTM Trans to przedsi\u0119biorstwo specjalizuj\u0105ce si\u0119 w transporcie ponadgabarytowym oraz innych us\u0142ugach z zakresu project cargo. GTM Trans to jednak przede wszystkim zesp\u00f3\u0142 ludzi z wieloletnim do\u015bwiadczeniem w bran\u017cy transportowej i spedycyjnej, kt\u00f3ry dzi\u0119ki posiadanej wiedzy realizuje najbardziej wymagaj\u0105ce projekty swoich klient\u00f3w. <\/p>\n\n\n<style>.wp-block-kadence-advancedheading.kt-adv-heading1366_3e07bf-f2, .wp-block-kadence-advancedheading.kt-adv-heading1366_3e07bf-f2[data-kb-block=\"kb-adv-heading1366_3e07bf-f2\"]{text-align:left;font-size:var(--global-kb-font-size-md, 1.25rem);font-style:normal;}.wp-block-kadence-advancedheading.kt-adv-heading1366_3e07bf-f2 mark.kt-highlight, .wp-block-kadence-advancedheading.kt-adv-heading1366_3e07bf-f2[data-kb-block=\"kb-adv-heading1366_3e07bf-f2\"] mark.kt-highlight{font-style:normal;color:#f76a0c;-webkit-box-decoration-break:clone;box-decoration-break:clone;padding-top:0px;padding-right:0px;padding-bottom:0px;padding-left:0px;}.wp-block-kadence-advancedheading.kt-adv-heading1366_3e07bf-f2 img.kb-inline-image, .wp-block-kadence-advancedheading.kt-adv-heading1366_3e07bf-f2[data-kb-block=\"kb-adv-heading1366_3e07bf-f2\"] img.kb-inline-image{width:150px;vertical-align:baseline;}<\/style>\n<p class=\"kt-adv-heading1366_3e07bf-f2 wp-block-kadence-advancedheading\" data-kb-block=\"kb-adv-heading1366_3e07bf-f2\">Na przestrzeni lat zdobyli\u015bmy zaufanie potentat\u00f3w bran\u017cy energetycznej, automotive, petrochemicznej, czy te\u017c najwi\u0119kszych operator\u00f3w logistycznych w kraju i zagranic\u0105. Mieli\u015bmy przyjemno\u015b\u0107 zrealizowa\u0107 z sukcesem transporty dzi\u0119ki, kt\u00f3rym takie firmy jak LG, Heineken, \u017bywiec, Sharp, Toyota, Volvo, grupa SK mog\u0142y rozwija\u0107 swoj\u0105 dzia\u0142alno\u015b\u0107 dzi\u0119ki wsp\u00f3\u0142pracy z GTM Trans.<\/p>\n<\/div><\/div>\n\n<\/div><\/div>","protected":false},"excerpt":{"rendered":"<p>O nas GTM Trans to przedsi\u0119biorstwo specjalizuj\u0105ce si\u0119 w transporcie ponadgabarytowym oraz innych us\u0142ugach z zakresu project cargo. GTM Trans to jednak przede wszystkim zesp\u00f3\u0142 ludzi z wieloletnim do\u015bwiadczeniem w bran\u017cy transportowej i spedycyjnej, kt\u00f3ry dzi\u0119ki posiadanej wiedzy realizuje najbardziej wymagaj\u0105ce projekty swoich klient\u00f3w. Na przestrzeni lat zdobyli\u015bmy zaufanie potentat\u00f3w bran\u017cy energetycznej, automotive, petrochemicznej, czy&#8230;<\/p>\n","protected":false},"author":1,"featured_media":0,"parent":0,"menu_order":0,"comment_status":"closed","ping_status":"closed","template":"","meta":{"_kad_blocks_custom_css":"","_kad_blocks_head_custom_js":"","_kad_blocks_body_custom_js":"","_kad_blocks_footer_custom_js":"","_kadence_starter_templates_imported_post":false,"_kad_post_transparent":"","_kad_post_title":"hide","_kad_post_layout":"fullwidth","_kad_post_sidebar_id":"","_kad_post_content_style":"unboxed","_kad_post_vertical_padding":"","_kad_post_feature":"","_kad_post_feature_position":"","_kad_post_header":false,"_kad_post_footer":false,"_kad_post_classname":"","footnotes":""},"class_list":["post-1366","page","type-page","status-publish","hentry"],"taxonomy_info":[],"featured_image_src_large":false,"author_info":{"display_name":"serwis","author_link":"https:\/\/gtmtrans.eu\/index.php\/author\/mkf\/"},"comment_info":0,"_links":{"self":[{"href":"https:\/\/gtmtrans.eu\/index.php\/wp-json\/wp\/v2\/pages\/1366","targetHints":{"allow":["GET"]}}],"collection":[{"href":"https:\/\/gtmtrans.eu\/index.php\/wp-json\/wp\/v2\/pages"}],"about":[{"href":"https:\/\/gtmtrans.eu\/index.php\/wp-json\/wp\/v2\/types\/page"}],"author":[{"embeddable":true,"href":"https:\/\/gtmtrans.eu\/index.php\/wp-json\/wp\/v2\/users\/1"}],"replies":[{"embeddable":true,"href":"https:\/\/gtmtrans.eu\/index.php\/wp-json\/wp\/v2\/comments?post=1366"}],"version-history":[{"count":31,"href":"https:\/\/gtmtrans.eu\/index.php\/wp-json\/wp\/v2\/pages\/1366\/revisions"}],"predecessor-version":[{"id":1860,"href":"https:\/\/gtmtrans.eu\/index.php\/wp-json\/wp\/v2\/pages\/1366\/revisions\/1860"}],"wp:attachment":[{"href":"https:\/\/gtmtrans.eu\/index.php\/wp-json\/wp\/v2\/media?parent=1366"}],"curies":[{"name":"wp","href":"https:\/\/api.w.org\/{rel}","templated":true}]}}